{"id":79,"date":"2024-12-09T03:45:16","date_gmt":"2024-12-09T03:45:16","guid":{"rendered":"https:\/\/aajg.com.br\/?page_id=79"},"modified":"2024-12-16T20:30:09","modified_gmt":"2024-12-16T23:30:09","slug":"contato","status":"publish","type":"page","link":"https:\/\/aajg.com.br\/?page_id=79","title":{"rendered":"Contato"},"content":{"rendered":"\n<figure class=\"wp-block-table\"><table class=\"has-fixed-layout\"><tbody><tr><td><\/td><\/tr><\/tbody><\/table><\/figure>\n\n\n\n<p>Entre em contato conosco no <\/p>\n\n\n\n<p>e-mail: contato@aajg.com.br<\/p>\n\n\n\n<p>Portaria: (11) 4702-2118<\/p>\n\n\n\n<p>Cobran\u00e7a: (11) 5043-7805<\/p>\n\n\n\n<p>Whatsapp Cobran\u00e7a (11) 5043-7805<\/p>\n\n\n\n<p>Caso voc\u00ea queira protocolar ou acrescentar alguma documenta\u00e7\u00e3o, existe ainda o livro na portaria para registrar seu contato.<\/p>\n\n\n\n<p><\/p>\n","protected":false},"excerpt":{"rendered":"<p class=\"text-justify mb-2\" >Entre em contato conosco no e-mail: contato@aajg.com.br Portaria: (11) 4702-2118 Cobran\u00e7a: (11) 5043-7805 Whatsapp Cobran\u00e7a (11) 5043-7805 Caso voc\u00ea queira protocolar ou acrescentar alguma documenta\u00e7\u00e3o, existe ainda o livro na portaria para registrar seu contato.<\/p>\n","protected":false},"author":1,"featured_media":0,"parent":0,"menu_order":0,"comment_status":"closed","ping_status":"closed","template":"","meta":{"footnotes":""},"class_list":["post-79","page","type-page","status-publish","hentry"],"jetpack_sharing_enabled":true,"_links":{"self":[{"href":"https:\/\/aajg.com.br\/index.php?rest_route=\/wp\/v2\/pages\/79","targetHints":{"allow":["GET"]}}],"collection":[{"href":"https:\/\/aajg.com.br\/index.php?rest_route=\/wp\/v2\/pages"}],"about":[{"href":"https:\/\/aajg.com.br\/index.php?rest_route=\/wp\/v2\/types\/page"}],"author":[{"embeddable":true,"href":"https:\/\/aajg.com.br\/index.php?rest_route=\/wp\/v2\/users\/1"}],"replies":[{"embeddable":true,"href":"https:\/\/aajg.com.br\/index.php?rest_route=%2Fwp%2Fv2%2Fcomments&post=79"}],"version-history":[{"count":5,"href":"https:\/\/aajg.com.br\/index.php?rest_route=\/wp\/v2\/pages\/79\/revisions"}],"predecessor-version":[{"id":224,"href":"https:\/\/aajg.com.br\/index.php?rest_route=\/wp\/v2\/pages\/79\/revisions\/224"}],"wp:attachment":[{"href":"https:\/\/aajg.com.br\/index.php?rest_route=%2Fwp%2Fv2%2Fmedia&parent=79"}],"curies":[{"name":"wp","href":"https:\/\/api.w.org\/{rel}","templated":true}]}}